{"id":73,"date":"2026-02-25T05:11:24","date_gmt":"2026-02-25T05:11:24","guid":{"rendered":"https:\/\/clem40ans.fr\/?page_id=73"},"modified":"2026-02-25T05:11:24","modified_gmt":"2026-02-25T05:11:24","slug":"hebergements","status":"publish","type":"page","link":"https:\/\/www.clem40ans.online\/?page_id=73","title":{"rendered":"H\u00e9bergements"},"content":{"rendered":"\n<p>Voici la liste des h\u00f4tels \u00e0 proximit\u00e9 (un minibus sera disponible toute la nuit pour vous ramener :<\/p>\n\n\n\n<p>Domaine Estagel (sur place) : <a href=\"https:\/\/domaineduprieure-estagel.com\/chambres-dhotes-gard\/\">https:\/\/domaineduprieure-estagel.com\/chambres-dhotes-gard\/<\/a><\/p>\n\n\n\n<p>Les Aubuns (Garons) : <a href=\"https:\/\/www.logishotels.com\/fr\/hotel\/-15286?partid=1599&amp;utm_source=google_business_profile&amp;utm_medium=organic&amp;utm_campaign=fiche_principale_uberall\">https:\/\/www.logishotels.com\/fr\/hotel\/-15286?partid=1599&amp;utm_source=google_business_profile&amp;utm_medium=organic&amp;utm_campaign=fiche_principale_uberall<\/a><\/p>\n\n\n\n<p>Le Cours  (St Gilles) : <a href=\"https:\/\/www.logishotels.com\/fr\/hotel\/logis-hotel-le-cours-695\">https:\/\/www.logishotels.com\/fr\/hotel\/logis-hotel-le-cours-695<\/a><\/p>\n\n\n\n<p>Le St Gillois (St Gilles) : <a href=\"http:\/\/le-saint-gillois-hotel-restaurant.com.es\/\">http:\/\/le-saint-gillois-hotel-restaurant.com.es\/<\/a><\/p>\n\n\n\n<p>H\u00e9racl\u00e8s (St Gilles) : <a href=\"https:\/\/www.logishotels.com\/fr\/hotel\/-7044?partid=1535\">https:\/\/www.logishotels.com\/fr\/hotel\/-7044?partid=1535<\/a><\/p>\n\n\n\n<p><\/p>\n","protected":false},"excerpt":{"rendered":"<p>Voici la liste des h\u00f4tels \u00e0 proximit\u00e9 (un minibus sera disponible toute la nuit pour vous ramener : Domaine Estagel (sur place) : https:\/\/domaineduprieure-estagel.com\/chambres-dhotes-gard\/ Les Aubuns (Garons) : https:\/\/www.logishotels.com\/fr\/hotel\/-15286?partid=1599&amp;utm_source=google_business_profile&amp;utm_medium=organic&amp;utm_campaign=fiche_principale_uberall Le Cours (St Gilles) : https:\/\/www.logishotels.com\/fr\/hotel\/logis-hotel-le-cours-695 Le St Gillois (St Gilles) : http:\/\/le-saint-gillois-hotel-restaurant.com.es\/ H\u00e9racl\u00e8s (St Gilles) : https:\/\/www.logishotels.com\/fr\/hotel\/-7044?partid=1535<\/p>\n","protected":false},"author":2,"featured_media":0,"parent":0,"menu_order":0,"comment_status":"closed","ping_status":"closed","template":"page-with-title","meta":{"footnotes":""},"class_list":["post-73","page","type-page","status-publish","hentry"],"_links":{"self":[{"href":"https:\/\/www.clem40ans.online\/index.php?rest_route=\/wp\/v2\/pages\/73","targetHints":{"allow":["GET"]}}],"collection":[{"href":"https:\/\/www.clem40ans.online\/index.php?rest_route=\/wp\/v2\/pages"}],"about":[{"href":"https:\/\/www.clem40ans.online\/index.php?rest_route=\/wp\/v2\/types\/page"}],"author":[{"embeddable":true,"href":"https:\/\/www.clem40ans.online\/index.php?rest_route=\/wp\/v2\/users\/2"}],"replies":[{"embeddable":true,"href":"https:\/\/www.clem40ans.online\/index.php?rest_route=%2Fwp%2Fv2%2Fcomments&post=73"}],"version-history":[{"count":0,"href":"https:\/\/www.clem40ans.online\/index.php?rest_route=\/wp\/v2\/pages\/73\/revisions"}],"wp:attachment":[{"href":"https:\/\/www.clem40ans.online\/index.php?rest_route=%2Fwp%2Fv2%2Fmedia&parent=73"}],"curies":[{"name":"wp","href":"https:\/\/api.w.org\/{rel}","templated":true}]}}